{"id":50,"date":"2025-01-09T11:41:51","date_gmt":"2025-01-09T10:41:51","guid":{"rendered":"https:\/\/dextradatasales.at\/?page_id=50"},"modified":"2025-02-02T19:52:25","modified_gmt":"2025-02-02T18:52:25","slug":"services","status":"publish","type":"page","link":"https:\/\/dextradatasales.at\/index.php\/services\/","title":{"rendered":"Services"},"content":{"rendered":"<p>[et_pb_section fb_built=&#8220;1&#8243; admin_label=&#8220;Hero&#8220; _builder_version=&#8220;4.17.6&#8243; _module_preset=&#8220;default&#8220; locked=&#8220;off&#8220; collapsed=&#8220;on&#8220; global_colors_info=&#8220;{}&#8220;][et_pb_row column_structure=&#8220;1_2,1_2&#8243; _builder_version=&#8220;4.17.6&#8243; _module_preset=&#8220;5138c454-be54-4233-bd3b-f8e6a8747976&#8243; global_colors_info=&#8220;{}&#8220;][et_pb_column type=&#8220;1_2&#8243; _builder_version=&#8220;4.17.6&#8243; _module_preset=&#8220;73121f80-a3ef-4484-8763-c3f18e3c56d2&#8243; global_colors_info=&#8220;{}&#8220;][et_pb_heading title=&#8220;Entfesseln Sie Ihr Vertriebspotential mit Dextra Data Sales&#8220; _builder_version=&#8220;4.24.2&#8243; _module_preset=&#8220;ddeb8c09-9078-4424-bc15-2efb6572e28e&#8220; locked=&#8220;off&#8220; global_colors_info=&#8220;{}&#8220;][\/et_pb_heading][et_pb_text _builder_version=&#8220;4.24.3&#8243; _module_preset=&#8220;2c55a9c4-feed-423b-9edb-ae0b5b365cac&#8220; locked=&#8220;off&#8220; global_colors_info=&#8220;{}&#8220;]<\/p>\n<p>Erleben Sie ma\u00dfgeschneiderte Vertriebsstrategien, die Ihr Gesch\u00e4ftswachstum beschleunigen und Ihre Marktpr\u00e4senz st\u00e4rken.<\/p>\n<p>[\/et_pb_text][et_pb_blurb title=&#8220;Strategische Vertriebsl\u00f6sungen&#8220; use_icon=&#8220;on&#8220; font_icon=&#8220;&#xf53f;||fa||900&#8243; icon_color=&#8220;gcid-secondary-color&#8220; _builder_version=&#8220;4.24.3&#8243; _module_preset=&#8220;1ea53d41-9439-472c-8d8b-7bddb3bf9444&#8243; global_colors_info=&#8220;{%22gcid-body-color%22:%91%22body_text_color%22%93,%22gcid-heading-color%22:%91%22header_text_color%22%93,%22gcid-secondary-color%22:%91%22icon_color%22%93}&#8220;][\/et_pb_blurb][et_pb_blurb title=&#8220;Innovative Kundenakquise&#8220; use_icon=&#8220;on&#8220; font_icon=&#8220;&#xe012;||divi||400&#8243; icon_color=&#8220;gcid-secondary-color&#8220; _builder_version=&#8220;4.24.3&#8243; _module_preset=&#8220;1ea53d41-9439-472c-8d8b-7bddb3bf9444&#8243; global_colors_info=&#8220;{%22gcid-body-color%22:%91%22body_text_color%22%93,%22gcid-heading-color%22:%91%22header_text_color%22%93,%22gcid-secondary-color%22:%91%22icon_color%22%93}&#8220;][\/et_pb_blurb][et_pb_blurb title=&#8220;Nachhaltige Kundenbindung&#8220; use_icon=&#8220;on&#8220; font_icon=&#8220;&#xe012;||divi||400&#8243; icon_color=&#8220;gcid-secondary-color&#8220; _builder_version=&#8220;4.24.2&#8243; _module_preset=&#8220;1ea53d41-9439-472c-8d8b-7bddb3bf9444&#8243; global_colors_info=&#8220;{%22gcid-body-color%22:%91%22body_text_color%22%93,%22gcid-heading-color%22:%91%22header_text_color%22%93,%22gcid-secondary-color%22:%91%22icon_color%22%93}&#8220;][\/et_pb_blurb][\/et_pb_column][et_pb_column type=&#8220;1_2&#8243; _builder_version=&#8220;4.17.6&#8243; _module_preset=&#8220;73121f80-a3ef-4484-8763-c3f18e3c56d2&#8243; global_colors_info=&#8220;{}&#8220;][et_pb_image src=&#8220;http:\/\/dextradatasales.at\/wp-content\/uploads\/2025\/01\/0-ee3eb559-7843-4aa9-8ee9-3457eb6c8990-800&#215;1080.jpg&#8220; title_text=&#8220;800&#215;1080&#8243; _builder_version=&#8220;4.24.3&#8243; _module_preset=&#8220;6ed8fd5c-62c5-4100-98c3-7b8b6d2c2ee6&#8243; box_shadow_style=&#8220;preset4&#8243; box_shadow_horizontal=&#8220;0px&#8220; box_shadow_vertical=&#8220;24px&#8220; box_shadow_blur=&#8220;72px&#8220; box_shadow_spread=&#8220;-12px&#8220; global_colors_info=&#8220;{}&#8220;][\/et_pb_image][\/et_pb_column][\/et_pb_row][\/et_pb_section][et_pb_section fb_built=&#8220;1&#8243; admin_label=&#8220;Services&#8220; _builder_version=&#8220;4.17.6&#8243; _module_preset=&#8220;default&#8220; locked=&#8220;off&#8220; collapsed=&#8220;on&#8220; global_colors_info=&#8220;{}&#8220;][et_pb_row _builder_version=&#8220;4.17.6&#8243; _module_preset=&#8220;5138c454-be54-4233-bd3b-f8e6a8747976&#8243; locked=&#8220;off&#8220; global_colors_info=&#8220;{}&#8220;][et_pb_column type=&#8220;4_4&#8243; _builder_version=&#8220;4.17.3&#8243; _module_preset=&#8220;73121f80-a3ef-4484-8763-c3f18e3c56d2&#8243; global_colors_info=&#8220;{}&#8220;][et_pb_heading title=&#8220;Unsere Dienstleistungen&#8220; _builder_version=&#8220;4.24.2&#8243; _module_preset=&#8220;c33f07d9-41e0-421a-8799-5799df695cce&#8220; title_text_align=&#8220;center&#8220; locked=&#8220;off&#8220; global_colors_info=&#8220;{}&#8220;][\/et_pb_heading][et_pb_text _builder_version=&#8220;4.24.3&#8243; _module_preset=&#8220;2c55a9c4-feed-423b-9edb-ae0b5b365cac&#8220; text_orientation=&#8220;center&#8220; max_width=&#8220;800px&#8220; module_alignment=&#8220;center&#8220; global_colors_info=&#8220;{}&#8220;]<\/p>\n<p>Wir bieten eine umfassende Palette an Vertriebsdienstleistungen, die speziell darauf ausgelegt sind, Ihr Unternehmen zum Erfolg zu f\u00fchren. Unsere Expertise umfasst:<\/p>\n<p>[\/et_pb_text][\/et_pb_column][\/et_pb_row][et_pb_row column_structure=&#8220;1_2,1_2&#8243; _builder_version=&#8220;4.24.2&#8243; _module_preset=&#8220;5138c454-be54-4233-bd3b-f8e6a8747976&#8243; max_width=&#8220;800px&#8220; global_colors_info=&#8220;{}&#8220;][et_pb_column type=&#8220;1_2&#8243; _builder_version=&#8220;4.17.3&#8243; _module_preset=&#8220;73121f80-a3ef-4484-8763-c3f18e3c56d2&#8243; global_colors_info=&#8220;{}&#8220;][et_pb_blurb title=&#8220;Neukunden Akquisition&#8220; use_icon=&#8220;on&#8220; font_icon=&#8220;&#xf509;||fa||900&#8243; icon_alignment=&#8220;center&#8220; _builder_version=&#8220;4.24.3&#8243; _module_preset=&#8220;212b201d-2c34-41bd-936c-851b7357d08b&#8220; text_orientation=&#8220;center&#8220; locked=&#8220;off&#8220; global_colors_info=&#8220;{%22gcid-body-color%22:%91%22body_text_color%22,%22body_text_color%22%93,%22gcid-heading-color%22:%91%22header_text_color%22,%22header_text_color%22%93}&#8220;]<\/p>\n<p>Identifizieren und gewinnen Sie neue Kunden mit gezielten Akquisitionsstrategien, die Ihren Marktanteil erh\u00f6hen.<\/p>\n<p>[\/et_pb_blurb][\/et_pb_column][et_pb_column type=&#8220;1_2&#8243; _builder_version=&#8220;4.17.3&#8243; _module_preset=&#8220;73121f80-a3ef-4484-8763-c3f18e3c56d2&#8243; global_colors_info=&#8220;{}&#8220;][et_pb_blurb title=&#8220;Lead Generierung&#8220; use_icon=&#8220;on&#8220; font_icon=&#8220;&#xf46d;||fa||900&#8243; icon_alignment=&#8220;center&#8220; _builder_version=&#8220;4.24.3&#8243; _module_preset=&#8220;212b201d-2c34-41bd-936c-851b7357d08b&#8220; text_orientation=&#8220;center&#8220; locked=&#8220;off&#8220; global_colors_info=&#8220;{%22gcid-body-color%22:%91%22body_text_color%22,%22body_text_color%22%93,%22gcid-heading-color%22:%91%22header_text_color%22,%22header_text_color%22%93}&#8220;]<\/p>\n<p>Erzeugen Sie hochwertige Leads durch innovative Kampagnen, die Ihre Verkaufszahlen steigern.<\/p>\n<p>[\/et_pb_blurb][\/et_pb_column][\/et_pb_row][et_pb_row column_structure=&#8220;1_2,1_2&#8243; _builder_version=&#8220;4.24.2&#8243; _module_preset=&#8220;5138c454-be54-4233-bd3b-f8e6a8747976&#8243; max_width=&#8220;800px&#8220; global_colors_info=&#8220;{}&#8220;][et_pb_column type=&#8220;1_2&#8243; _builder_version=&#8220;4.17.3&#8243; _module_preset=&#8220;73121f80-a3ef-4484-8763-c3f18e3c56d2&#8243; global_colors_info=&#8220;{}&#8220;][et_pb_blurb title=&#8220;Bestandskundenpflege&#8220; use_icon=&#8220;on&#8220; font_icon=&#8220;&#xf598;||fa||400&#8243; icon_alignment=&#8220;center&#8220; _builder_version=&#8220;4.24.3&#8243; _module_preset=&#8220;212b201d-2c34-41bd-936c-851b7357d08b&#8220; text_orientation=&#8220;center&#8220; locked=&#8220;off&#8220; global_colors_info=&#8220;{%22gcid-body-color%22:%91%22body_text_color%22,%22body_text_color%22%93,%22gcid-heading-color%22:%91%22header_text_color%22,%22header_text_color%22%93}&#8220;]<\/p>\n<p>Pflegen und st\u00e4rken Sie bestehende Kundenbeziehungen, um langfristige Partnerschaften zu sichern.<\/p>\n<p>[\/et_pb_blurb][\/et_pb_column][et_pb_column type=&#8220;1_2&#8243; _builder_version=&#8220;4.17.3&#8243; _module_preset=&#8220;73121f80-a3ef-4484-8763-c3f18e3c56d2&#8243; global_colors_info=&#8220;{}&#8220;][et_pb_blurb title=&#8220;Vertriebsleitung auf Zeit&#8220; use_icon=&#8220;on&#8220; font_icon=&#8220;&#xf469;||fa||900&#8243; icon_alignment=&#8220;center&#8220; _builder_version=&#8220;4.24.3&#8243; _module_preset=&#8220;212b201d-2c34-41bd-936c-851b7357d08b&#8220; text_orientation=&#8220;center&#8220; locked=&#8220;off&#8220; global_colors_info=&#8220;{%22gcid-body-color%22:%91%22body_text_color%22,%22body_text_color%22%93,%22gcid-heading-color%22:%91%22header_text_color%22,%22header_text_color%22%93}&#8220;]<\/p>\n<p>Nutzen Sie flexible Vertriebsf\u00fchrungskr\u00e4fte, um Ihre Verkaufsziele effizient zu erreichen.<\/p>\n<p>[\/et_pb_blurb][\/et_pb_column][\/et_pb_row][\/et_pb_section][et_pb_section fb_built=&#8220;1&#8243; admin_label=&#8220;Features&#8220; _builder_version=&#8220;4.23.1&#8243; _module_preset=&#8220;default&#8220; locked=&#8220;off&#8220; collapsed=&#8220;on&#8220; global_colors_info=&#8220;{}&#8220;][et_pb_row _builder_version=&#8220;4.17.6&#8243; _module_preset=&#8220;5138c454-be54-4233-bd3b-f8e6a8747976&#8243; locked=&#8220;off&#8220; global_colors_info=&#8220;{}&#8220;][et_pb_column type=&#8220;4_4&#8243; _builder_version=&#8220;4.17.3&#8243; _module_preset=&#8220;73121f80-a3ef-4484-8763-c3f18e3c56d2&#8243; global_colors_info=&#8220;{}&#8220;][et_pb_heading title=&#8220;Hauptmerkmale unserer Dienstleistungen&#8220; _builder_version=&#8220;4.24.3&#8243; _module_preset=&#8220;c33f07d9-41e0-421a-8799-5799df695cce&#8220; title_text_align=&#8220;center&#8220; locked=&#8220;off&#8220; global_colors_info=&#8220;{}&#8220;][\/et_pb_heading][et_pb_text _builder_version=&#8220;4.24.3&#8243; _module_preset=&#8220;2c55a9c4-feed-423b-9edb-ae0b5b365cac&#8220; text_orientation=&#8220;center&#8220; max_width=&#8220;800px&#8220; module_alignment=&#8220;center&#8220; global_colors_info=&#8220;{}&#8220;]<\/p>\n<p>Unsere Dienstleistungen bieten eine Vielzahl von Vorteilen, die speziell auf Ihre Bed\u00fcrfnisse zugeschnitten sind:<\/p>\n<p>[\/et_pb_text][\/et_pb_column][\/et_pb_row][et_pb_row column_structure=&#8220;1_3,1_3,1_3&#8243; _builder_version=&#8220;4.18.0&#8243; _module_preset=&#8220;5138c454-be54-4233-bd3b-f8e6a8747976&#8243; max_width=&#8220;900px&#8220; module_alignment=&#8220;center&#8220; custom_margin=&#8220;|830px||auto||&#8220; global_colors_info=&#8220;{}&#8220;][et_pb_column type=&#8220;1_3&#8243; _builder_version=&#8220;4.16&#8243; _module_preset=&#8220;73121f80-a3ef-4484-8763-c3f18e3c56d2&#8243; global_colors_info=&#8220;{}&#8220;][et_pb_blurb title=&#8220;Erh\u00f6hte Marktdurchdringung&#8220; use_icon=&#8220;on&#8220; font_icon=&#8220;&#xf200;||fa||900&#8243; icon_alignment=&#8220;center&#8220; _builder_version=&#8220;4.24.3&#8243; _module_preset=&#8220;212b201d-2c34-41bd-936c-851b7357d08b&#8220; text_orientation=&#8220;center&#8220; locked=&#8220;off&#8220; global_colors_info=&#8220;{%22gcid-body-color%22:%91%22body_text_color%22,%22body_text_color%22%93,%22gcid-heading-color%22:%91%22header_text_color%22,%22header_text_color%22%93}&#8220;][\/et_pb_blurb][\/et_pb_column][et_pb_column type=&#8220;1_3&#8243; _builder_version=&#8220;4.16&#8243; _module_preset=&#8220;73121f80-a3ef-4484-8763-c3f18e3c56d2&#8243; global_colors_info=&#8220;{}&#8220;][et_pb_blurb title=&#8220;Effiziente Ressourcennutzung&#8220; use_icon=&#8220;on&#8220; font_icon=&#8220;&#xf085;||fa||900&#8243; icon_alignment=&#8220;center&#8220; _builder_version=&#8220;4.24.3&#8243; _module_preset=&#8220;212b201d-2c34-41bd-936c-851b7357d08b&#8220; text_orientation=&#8220;center&#8220; locked=&#8220;off&#8220; global_colors_info=&#8220;{%22gcid-body-color%22:%91%22body_text_color%22,%22body_text_color%22%93,%22gcid-heading-color%22:%91%22header_text_color%22,%22header_text_color%22%93}&#8220;][\/et_pb_blurb][\/et_pb_column][et_pb_column type=&#8220;1_3&#8243; _builder_version=&#8220;4.16&#8243; _module_preset=&#8220;73121f80-a3ef-4484-8763-c3f18e3c56d2&#8243; global_colors_info=&#8220;{}&#8220;][et_pb_blurb title=&#8220;Verbesserte Kundeninteraktion&#8220; use_icon=&#8220;on&#8220; font_icon=&#8220;&#xf653;||fa||900&#8243; icon_alignment=&#8220;center&#8220; _builder_version=&#8220;4.24.3&#8243; _module_preset=&#8220;212b201d-2c34-41bd-936c-851b7357d08b&#8220; text_orientation=&#8220;center&#8220; locked=&#8220;off&#8220; global_colors_info=&#8220;{%22gcid-body-color%22:%91%22body_text_color%22,%22body_text_color%22%93,%22gcid-heading-color%22:%91%22header_text_color%22,%22header_text_color%22%93}&#8220;][\/et_pb_blurb][\/et_pb_column][\/et_pb_row][et_pb_row _builder_version=&#8220;4.18.0&#8243; _module_preset=&#8220;5138c454-be54-4233-bd3b-f8e6a8747976&#8243; global_colors_info=&#8220;{}&#8220;][et_pb_column type=&#8220;4_4&#8243; _builder_version=&#8220;4.16&#8243; _module_preset=&#8220;73121f80-a3ef-4484-8763-c3f18e3c56d2&#8243; global_colors_info=&#8220;{}&#8220;][et_pb_button button_url=&#8220;https:\/\/dextradatasales.at\/index.php\/contact\/&#8220; button_text=&#8220;Jetzt Kontakt aufnehmen&#8220; button_alignment=&#8220;center&#8220; _builder_version=&#8220;4.27.4&#8243; _module_preset=&#8220;1bffc0fc-42a0-49d1-bd9a-ae3ade2d7206&#8243; locked=&#8220;off&#8220; global_colors_info=&#8220;{}&#8220;][\/et_pb_button][\/et_pb_column][\/et_pb_row][\/et_pb_section][et_pb_section fb_built=&#8220;1&#8243; admin_label=&#8220;How It Works&#8220; _builder_version=&#8220;4.25.1&#8243; _module_preset=&#8220;default&#8220; collapsed=&#8220;on&#8220; global_colors_info=&#8220;{}&#8220;][et_pb_row column_structure=&#8220;3_4,1_4&#8243; _builder_version=&#8220;4.25.1&#8243; _module_preset=&#8220;default&#8220; locked=&#8220;off&#8220; global_colors_info=&#8220;{}&#8220;][et_pb_column type=&#8220;3_4&#8243; _builder_version=&#8220;4.25.1&#8243; _module_preset=&#8220;default&#8220; global_colors_info=&#8220;{}&#8220;][et_pb_heading title=&#8220;So funktioniert es&#8220; _builder_version=&#8220;4.25.1&#8243; _module_preset=&#8220;c33f07d9-41e0-421a-8799-5799df695cce&#8220; global_colors_info=&#8220;{}&#8220;][\/et_pb_heading][\/et_pb_column][et_pb_column type=&#8220;1_4&#8243; _builder_version=&#8220;4.25.1&#8243; _module_preset=&#8220;default&#8220; global_colors_info=&#8220;{}&#8220;][\/et_pb_column][\/et_pb_row][et_pb_row column_structure=&#8220;1_3,1_3,1_3&#8243; _builder_version=&#8220;4.25.1&#8243; _module_preset=&#8220;default&#8220; global_colors_info=&#8220;{}&#8220;][et_pb_column type=&#8220;1_3&#8243; _builder_version=&#8220;4.25.1&#8243; _module_preset=&#8220;default&#8220; global_colors_info=&#8220;{}&#8220;][et_pb_heading title=&#8220;Step 1&#8243; module_class=&#8220;ai_ignore_all&#8220; _builder_version=&#8220;4.25.1&#8243; _module_preset=&#8220;8c21dae4-c59d-4c2b-958c-0e045c7f06d6&#8243; locked=&#8220;off&#8220; global_colors_info=&#8220;{}&#8220;][\/et_pb_heading][et_pb_text _builder_version=&#8220;4.25.1&#8243; _module_preset=&#8220;2c55a9c4-feed-423b-9edb-ae0b5b365cac&#8220; locked=&#8220;off&#8220; global_colors_info=&#8220;{}&#8220;]Unser Prozess beginnt mit einem unverbindlichen Erstgespr\u00e4ch, in dem wir Ihre spezifischen Bed\u00fcrfnisse und Ziele analysieren. Gemeinsam entwickeln wir eine ma\u00dfgeschneiderte Strategie, die auf Ihre Anforderungen abgestimmt ist.[\/et_pb_text][\/et_pb_column][et_pb_column type=&#8220;1_3&#8243; _builder_version=&#8220;4.25.1&#8243; _module_preset=&#8220;default&#8220; global_colors_info=&#8220;{}&#8220;][et_pb_heading title=&#8220;Step 2&#8243; module_class=&#8220;ai_ignore_all&#8220; _builder_version=&#8220;4.25.1&#8243; _module_preset=&#8220;8c21dae4-c59d-4c2b-958c-0e045c7f06d6&#8243; locked=&#8220;off&#8220; global_colors_info=&#8220;{}&#8220;][\/et_pb_heading][et_pb_text _builder_version=&#8220;4.25.1&#8243; _module_preset=&#8220;2c55a9c4-feed-423b-9edb-ae0b5b365cac&#8220; locked=&#8220;off&#8220; global_colors_info=&#8220;{}&#8220;]Nach der Strategieentwicklung folgt die Implementierung, bei der wir eng mit Ihrem Team zusammenarbeiten, um sicherzustellen, dass alle Ma\u00dfnahmen effektiv umgesetzt werden. Wir bieten kontinuierliche Unterst\u00fctzung und Anpassungen, um den Erfolg Ihrer Vertriebsaktivit\u00e4ten zu maximieren.[\/et_pb_text][\/et_pb_column][et_pb_column type=&#8220;1_3&#8243; _builder_version=&#8220;4.25.1&#8243; _module_preset=&#8220;default&#8220; global_colors_info=&#8220;{}&#8220;][et_pb_heading title=&#8220;Step 3&#8243; module_class=&#8220;ai_ignore_all&#8220; _builder_version=&#8220;4.25.1&#8243; _module_preset=&#8220;8c21dae4-c59d-4c2b-958c-0e045c7f06d6&#8243; locked=&#8220;off&#8220; global_colors_info=&#8220;{}&#8220;][\/et_pb_heading][et_pb_text _builder_version=&#8220;4.25.1&#8243; _module_preset=&#8220;2c55a9c4-feed-423b-9edb-ae0b5b365cac&#8220; locked=&#8220;off&#8220; global_colors_info=&#8220;{}&#8220;]Abschlie\u00dfend evaluieren wir die Ergebnisse und optimieren die Prozesse, um nachhaltige Erfolge zu gew\u00e4hrleisten. Unser Ziel ist es, Ihre Vertriebsziele zu \u00fcbertreffen und langfristige Partnerschaften aufzubauen.[\/et_pb_text][\/et_pb_column][\/et_pb_row][\/et_pb_section][et_pb_section fb_built=&#8220;1&#8243; admin_label=&#8220;About&#8220; _builder_version=&#8220;4.25.1&#8243; _module_preset=&#8220;default&#8220; locked=&#8220;off&#8220; collapsed=&#8220;on&#8220; global_colors_info=&#8220;{}&#8220;][et_pb_row _builder_version=&#8220;4.25.1&#8243; _module_preset=&#8220;default&#8220; global_colors_info=&#8220;{}&#8220;][et_pb_column type=&#8220;4_4&#8243; _builder_version=&#8220;4.25.1&#8243; _module_preset=&#8220;default&#8220; global_colors_info=&#8220;{}&#8220;][et_pb_heading title=&#8220;\u00dcber uns&#8220; _builder_version=&#8220;4.25.1&#8243; _module_preset=&#8220;c33f07d9-41e0-421a-8799-5799df695cce&#8220; title_text_align=&#8220;center&#8220; global_colors_info=&#8220;{}&#8220;][\/et_pb_heading][et_pb_text _builder_version=&#8220;4.27.4&#8243; _module_preset=&#8220;2c55a9c4-feed-423b-9edb-ae0b5b365cac&#8220; text_orientation=&#8220;center&#8220; custom_padding=&#8220;0px|||||&#8220; global_colors_info=&#8220;{}&#8220;]<\/p>\n<p>Dextra Data Sales Solutions GmbH ist ein f\u00fchrendes Unternehmen im Bereich technischer Vertrieb und Vertriebsoptimierung. Mit jahrzehntelanger Erfahrung unterst\u00fctzen wir Unternehmen dabei, ihre Vertriebsstrategien zu verbessern und neue M\u00e4rkte zu erschlie\u00dfen. Unser Team aus erfahrenen Vertriebsprofis bietet umfassende Dienstleistungen, von der Neukundenakquise bis zur Bestandskundenpflege. Wir sind stolz darauf, innovative L\u00f6sungen zu liefern, die auf die individuellen Bed\u00fcrfnisse unserer Kunden zugeschnitten sind. Unser Engagement f\u00fcr Qualit\u00e4t und Kundenzufriedenheit hat uns zu einem vertrauensw\u00fcrdigen Partner f\u00fcr zahlreiche Unternehmen gemacht. Entdecken Sie, wie wir auch Ihrem Unternehmen helfen k\u00f6nnen, Vertriebserfolge zu erzielen.<\/p>\n<p>[\/et_pb_text][et_pb_image src=&#8220;http:\/\/dextradatasales.at\/wp-content\/uploads\/2025\/01\/0-a1168ccd-26a1-464f-83e1-c52241a595a4-1080&#215;600.jpg&#8220; title_text=&#8220;1080&#215;600&#8243; align=&#8220;center&#8220; _builder_version=&#8220;4.25.2&#8243; _module_preset=&#8220;default&#8220; global_colors_info=&#8220;{}&#8220;][\/et_pb_image][\/et_pb_column][\/et_pb_row][\/et_pb_section][et_pb_section fb_built=&#8220;1&#8243; admin_label=&#8220;Call to Action&#8220; _builder_version=&#8220;4.24.3&#8243; _module_preset=&#8220;default&#8220; use_background_color_gradient=&#8220;on&#8220; background_color_gradient_stops=&#8220;rgba(0,0,0,0.5) 0%|rgba(0,0,0,0.75) 100%&#8220; background_color_gradient_overlays_image=&#8220;on&#8220; background_color_gradient_start=&#8220;rgba(0,0,0,0.5)&#8220; background_color_gradient_end=&#8220;rgba(0,0,0,0.75)&#8220; background_image=&#8220;http:\/\/dextradatasales.at\/wp-content\/uploads\/2025\/01\/0-df36247b-77f9-4937-b00c-2b3b639e3f98-1920&#215;1080.jpg&#8220; parallax=&#8220;on&#8220; custom_padding=&#8220;8vw||8vw||true|false&#8220; locked=&#8220;off&#8220; collapsed=&#8220;on&#8220; global_colors_info=&#8220;{}&#8220;][et_pb_row _builder_version=&#8220;4.23.1&#8243; _module_preset=&#8220;5138c454-be54-4233-bd3b-f8e6a8747976&#8243; max_width=&#8220;800px&#8220; global_colors_info=&#8220;{}&#8220;][et_pb_column type=&#8220;4_4&#8243; _builder_version=&#8220;4.16&#8243; _module_preset=&#8220;73121f80-a3ef-4484-8763-c3f18e3c56d2&#8243; global_colors_info=&#8220;{}&#8220;][et_pb_heading title=&#8220;Jetzt Kontakt aufnehmen!&#8220; _builder_version=&#8220;4.24.3&#8243; _module_preset=&#8220;c33f07d9-41e0-421a-8799-5799df695cce&#8220; title_text_align=&#8220;center&#8220; title_text_color=&#8220;#FFFFFF&#8220; locked=&#8220;off&#8220; global_colors_info=&#8220;{}&#8220;][\/et_pb_heading][et_pb_text _builder_version=&#8220;4.24.3&#8243; _module_preset=&#8220;0504de1e-f5ff-4281-ba60-cbbe4edf98bc&#8220; text_orientation=&#8220;center&#8220;]<\/p>\n<p>Interessiert an unseren ma\u00dfgeschneiderten Vertriebsstrategien? Lassen Sie uns gemeinsam Ihre Verkaufsziele erreichen. Kontaktieren Sie uns f\u00fcr eine unverbindliche Beratung und erfahren Sie, wie Dextra Data Sales Solutions GmbH. Ihr Unternehmen unterst\u00fctzen kann.<\/p>\n<p>[\/et_pb_text][et_pb_button button_url=&#8220;https:\/\/dextradatasales.at\/index.php\/contact\/&#8220; button_text=&#8220;Jetzt Beratung anfragen&#8220; button_alignment=&#8220;center&#8220; _builder_version=&#8220;4.27.4&#8243; _module_preset=&#8220;ab15fb74-61a3-43aa-96b3-41e09aeef654&#8243; locked=&#8220;off&#8220; global_colors_info=&#8220;{}&#8220;][\/et_pb_button][\/et_pb_column][\/et_pb_row][\/et_pb_section]<\/p>\n","protected":false},"excerpt":{"rendered":"<p>Erleben Sie ma\u00dfgeschneiderte Vertriebsstrategien, die Ihr Gesch\u00e4ftswachstum beschleunigen und Ihre Marktpr\u00e4senz st\u00e4rken.Wir bieten eine umfassende Palette an Vertriebsdienstleistungen, die speziell darauf ausgelegt sind, Ihr Unternehmen zum Erfolg zu f\u00fchren. Unsere Expertise umfasst:Identifizieren und gewinnen Sie neue Kunden mit gezielten Akquisitionsstrategien, die Ihren Marktanteil erh\u00f6hen.Erzeugen Sie hochwertige Leads durch innovative Kampagnen, die Ihre Verkaufszahlen steigern.Pflegen und [&hellip;]<\/p>\n","protected":false},"author":2,"featured_media":0,"parent":0,"menu_order":0,"comment_status":"closed","ping_status":"closed","template":"","meta":{"_et_pb_use_builder":"on","_et_pb_old_content":"","_et_gb_content_width":"","footnotes":""},"class_list":["post-50","page","type-page","status-publish","hentry"],"_links":{"self":[{"href":"https:\/\/dextradatasales.at\/index.php\/wp-json\/wp\/v2\/pages\/50","targetHints":{"allow":["GET"]}}],"collection":[{"href":"https:\/\/dextradatasales.at\/index.php\/wp-json\/wp\/v2\/pages"}],"about":[{"href":"https:\/\/dextradatasales.at\/index.php\/wp-json\/wp\/v2\/types\/page"}],"author":[{"embeddable":true,"href":"https:\/\/dextradatasales.at\/index.php\/wp-json\/wp\/v2\/users\/2"}],"replies":[{"embeddable":true,"href":"https:\/\/dextradatasales.at\/index.php\/wp-json\/wp\/v2\/comments?post=50"}],"version-history":[{"count":7,"href":"https:\/\/dextradatasales.at\/index.php\/wp-json\/wp\/v2\/pages\/50\/revisions"}],"predecessor-version":[{"id":248,"href":"https:\/\/dextradatasales.at\/index.php\/wp-json\/wp\/v2\/pages\/50\/revisions\/248"}],"wp:attachment":[{"href":"https:\/\/dextradatasales.at\/index.php\/wp-json\/wp\/v2\/media?parent=50"}],"curies":[{"name":"wp","href":"https:\/\/api.w.org\/{rel}","templated":true}]}}