{"id":48,"date":"2025-01-09T11:41:51","date_gmt":"2025-01-09T10:41:51","guid":{"rendered":"https:\/\/dextradatasales.at\/?page_id=48"},"modified":"2025-02-02T19:35:47","modified_gmt":"2025-02-02T18:35:47","slug":"home","status":"publish","type":"page","link":"https:\/\/dextradatasales.at\/","title":{"rendered":"Home"},"content":{"rendered":"<p>[et_pb_section fb_built=&#8220;1&#8243; admin_label=&#8220;Hero&#8220; _builder_version=&#8220;4.24.3&#8243; _module_preset=&#8220;_module_preset=&#8220; background_image=&#8220;data:image\/svg+xml;base64,PHN2ZyB3aWR0aD0iMTA4MCIgaGVpZ2h0PSI1NDAiIHZpZXdCb3g9IjAgMCAxMDgwIDU0MCIgeG1sbnM9Imh0dHA6Ly93d3cudzMub3JnLzIwMDAvc3ZnIj4KICAgIDxnIGZpbGw9Im5vbmUiIGZpbGwtcnVsZT0iZXZlbm9kZCI+CiAgICAgICAgPHBhdGggZmlsbD0iI0VCRUJFQiIgZD0iTTAgMGgxMDgwdjU0MEgweiIvPgogICAgICAgIDxwYXRoIGQ9Ik00NDUuNjQ5IDU0MGgtOTguOTk1TDE0NC42NDkgMzM3Ljk5NSAwIDQ4Mi42NDR2LTk4Ljk5NWwxMTYuMzY1LTExNi4zNjVjMTUuNjItMTUuNjIgNDAuOTQ3LTE1LjYyIDU2LjU2OCAwTDQ0NS42NSA1NDB6IiBmaWxsLW9wYWNpdHk9Ii4xIiBmaWxsPSIjMDAwIiBmaWxsLXJ1bGU9Im5vbnplcm8iLz4KICAgICAgICA8Y2lyY2xlIGZpbGwtb3BhY2l0eT0iLjA1IiBmaWxsPSIjMDAwIiBjeD0iMzMxIiBjeT0iMTQ4IiByPSI3MCIvPgogICAgICAgIDxwYXRoIGQ9Ik0xMDgwIDM3OXYxMTMuMTM3TDcyOC4xNjIgMTQwLjMgMzI4LjQ2MiA1NDBIMjE1LjMyNEw2OTkuODc4IDU1LjQ0NmMxNS42Mi0xNS42MiA0MC45NDgtMTUuNjIgNTYuNTY4IDBMMTA4MCAzNzl6IiBmaWxsLW9wYWNpdHk9Ii4yIiBmaWxsPSIjMDAwIiBmaWxsLXJ1bGU9Im5vbnplcm8iLz4KICAgIDwvZz4KPC9zdmc+Cg==&#8220; custom_padding=&#8220;8%||0px||false|false&#8220; locked=&#8220;off&#8220; collapsed=&#8220;on&#8220; global_colors_info=&#8220;{}&#8220;][et_pb_row _builder_version=&#8220;4.18.0&#8243; _module_preset=&#8220;5138c454-be54-4233-bd3b-f8e6a8747976&#8243; locked=&#8220;off&#8220; global_colors_info=&#8220;{}&#8220;][et_pb_column type=&#8220;4_4&#8243; _builder_version=&#8220;4.16&#8243; _module_preset=&#8220;73121f80-a3ef-4484-8763-c3f18e3c56d2&#8243; global_colors_info=&#8220;{}&#8220;][et_pb_heading title=&#8220;Erreichen Sie Ihre Vertriebsziele mit Leichtigkeit&#8220; _builder_version=&#8220;4.24.2&#8243; _module_preset=&#8220;f0c675ea-2574-4d0e-b725-30f8550a8550&#8243; title_text_color=&#8220;gcid-primary-color&#8220; locked=&#8220;off&#8220; global_colors_info=&#8220;{%22gcid-primary-color%22:%91%22title_text_color%22%93}&#8220;][\/et_pb_heading][et_pb_heading title=&#8220;Optimieren Sie Ihren Vertriebserfolg mit Dextra Data Sales Solutions&#8220; _builder_version=&#8220;4.27.4&#8243; _module_preset=&#8220;ddeb8c09-9078-4424-bc15-2efb6572e28e&#8220; title_text_color=&#8220;#6B6B6B&#8220; locked=&#8220;off&#8220; global_colors_info=&#8220;{}&#8220;][\/et_pb_heading][et_pb_text _builder_version=&#8220;4.27.4&#8243; _module_preset=&#8220;0504de1e-f5ff-4281-ba60-cbbe4edf98bc&#8220; text_text_color=&#8220;#868786&#8243; header_text_color=&#8220;#868786&#8243; locked=&#8220;off&#8220;]<\/p>\n<p>Entdecken Sie, wie unsere ma\u00dfgeschneiderten Vertriebsoutsourcing-L\u00f6sungen Ihre Effizienz steigern und Ihre Verkaufsf\u00e4higkeiten auf ein neues Niveau heben k\u00f6nnen.<\/p>\n<p>[\/et_pb_text][\/et_pb_column][\/et_pb_row][\/et_pb_section][et_pb_section fb_built=&#8220;1&#8243; admin_label=&#8220;About&#8220; _builder_version=&#8220;4.25.1&#8243; _module_preset=&#8220;default&#8220; collapsed=&#8220;on&#8220; global_colors_info=&#8220;{}&#8220;][et_pb_row column_structure=&#8220;1_2,1_2&#8243; _builder_version=&#8220;4.25.1&#8243; _module_preset=&#8220;default&#8220; global_colors_info=&#8220;{}&#8220;][et_pb_column type=&#8220;1_2&#8243; _builder_version=&#8220;4.25.1&#8243; _module_preset=&#8220;default&#8220; global_colors_info=&#8220;{}&#8220;][et_pb_heading title=&#8220;\u00dcber Dextra Data Sales Solutions&#8220; _builder_version=&#8220;4.27.4&#8243; _module_preset=&#8220;c33f07d9-41e0-421a-8799-5799df695cce&#8220; global_colors_info=&#8220;{}&#8220;][\/et_pb_heading][et_pb_text _builder_version=&#8220;4.27.4&#8243; _module_preset=&#8220;2c55a9c4-feed-423b-9edb-ae0b5b365cac&#8220; global_colors_info=&#8220;{}&#8220;]<\/p>\n<p>Dextra Data Sales Solutions ist Ihr Partner f\u00fcr effektives Vertriebsoutsourcing. Mit unserer umfassenden Erfahrung im technischen Vertrieb im B2B-Bereich bieten wir ma\u00dfgeschneiderte L\u00f6sungen, um Ihre Vertriebsaktivit\u00e4ten zu optimieren. Unser Fokus liegt darauf, Ihre Kapazit\u00e4ten zu erweitern, neue Kunden zu gewinnen und bestehende Beziehungen zu st\u00e4rken. Wir verstehen die Herausforderungen, denen Unternehmen gegen\u00fcberstehen, und bieten flexible, skalierbare L\u00f6sungen, die auf Ihre spezifischen Bed\u00fcrfnisse zugeschnitten sind. Vertrauen Sie auf unsere Expertise, um Ihre Vertriebsziele zu erreichen und Ihre Marktpr\u00e4senz zu erweitern.<\/p>\n<p>[\/et_pb_text][\/et_pb_column][et_pb_column type=&#8220;1_2&#8243; _builder_version=&#8220;4.25.1&#8243; _module_preset=&#8220;default&#8220; global_colors_info=&#8220;{}&#8220;][et_pb_image src=&#8220;http:\/\/dextradatasales.at\/wp-content\/uploads\/2025\/01\/0-bf4792a5-7930-4621-aa55-ad0a0662e8eb-800&#215;800.jpg&#8220; title_text=&#8220;800&#215;800&#8243; _builder_version=&#8220;4.25.1&#8243; _module_preset=&#8220;default&#8220; global_colors_info=&#8220;{}&#8220;][\/et_pb_image][\/et_pb_column][\/et_pb_row][\/et_pb_section][et_pb_section fb_built=&#8220;1&#8243; admin_label=&#8220;Services&#8220; _builder_version=&#8220;4.24.2&#8243; _module_preset=&#8220;8363d3a1-7f13-4aae-8984-26124f93e21c&#8220; locked=&#8220;off&#8220; collapsed=&#8220;on&#8220; global_colors_info=&#8220;{%22gcid-36fd78a7-34bc-404d-873c-dafa34efaae5%22:%91%22colorStart%22%93}&#8220;][et_pb_row _builder_version=&#8220;4.18.0&#8243; _module_preset=&#8220;5138c454-be54-4233-bd3b-f8e6a8747976&#8243; global_colors_info=&#8220;{}&#8220;][et_pb_column type=&#8220;4_4&#8243; _builder_version=&#8220;4.16&#8243; _module_preset=&#8220;73121f80-a3ef-4484-8763-c3f18e3c56d2&#8243; global_colors_info=&#8220;{}&#8220;][et_pb_heading title=&#8220;Unsere Dienstleistungen&#8220; _builder_version=&#8220;4.24.2&#8243; _module_preset=&#8220;c33f07d9-41e0-421a-8799-5799df695cce&#8220; title_text_align=&#8220;center&#8220; title_text_color=&#8220;#FFFFFF&#8220; locked=&#8220;off&#8220; global_colors_info=&#8220;{}&#8220;][\/et_pb_heading][\/et_pb_column][\/et_pb_row][et_pb_row column_structure=&#8220;1_3,1_3,1_3&#8243; _builder_version=&#8220;4.24.3&#8243; _module_preset=&#8220;5138c454-be54-4233-bd3b-f8e6a8747976&#8243; global_colors_info=&#8220;{}&#8220;][et_pb_column type=&#8220;1_3&#8243; _builder_version=&#8220;4.24.3&#8243; _module_preset=&#8220;50607da8-57bc-4d4b-aaef-f02e41c2cc4a&#8220; background_color=&#8220;#ffffff&#8220; custom_padding_phone=&#8220;20px|20px|20px|20px|true|true&#8220; custom_padding_last_edited=&#8220;off|desktop&#8220; global_colors_info=&#8220;{%22gcid-7cadd8b3-5228-48e4-90c4-212d09232f7b%22:%91%22color%22%93}&#8220;][et_pb_blurb title=&#8220;Neukunden Akquisition&#8220; image=&#8220;http:\/\/dextradatasales.at\/wp-content\/uploads\/2025\/01\/0-9c0378ee-aca1-4918-95cd-4817b9f86d7c-800&#215;600.jpg&#8220; _builder_version=&#8220;4.27.4&#8243; _module_preset=&#8220;203c76fc-aee0-4484-9be1-f0e2ebd81a8f&#8220; min_height=&#8220;375px&#8220; locked=&#8220;off&#8220; global_colors_info=&#8220;{%22gcid-heading-color%22:%91%22header_text_color%22,%22header_text_color%22,%22header_text_color%22,%22header_text_color%22,%22header_text_color%22%93,%22gcid-primary-color%22:%91%22icon_color%22%93}&#8220;]<\/p>\n<p>Wir unterst\u00fctzen Sie bei der Gewinnung neuer Kunden durch gezielte Ansprache und innovative Strategien.<\/p>\n<p>[\/et_pb_blurb][\/et_pb_column][et_pb_column type=&#8220;1_3&#8243; _builder_version=&#8220;4.24.3&#8243; _module_preset=&#8220;50607da8-57bc-4d4b-aaef-f02e41c2cc4a&#8220; global_colors_info=&#8220;{%22gcid-7cadd8b3-5228-48e4-90c4-212d09232f7b%22:%91%22color%22%93}&#8220;][et_pb_blurb title=&#8220;Lead Generierung&#8220; image=&#8220;http:\/\/dextradatasales.at\/wp-content\/uploads\/2025\/01\/0-5b26a172-7788-49de-80fe-dd308a6bb784-800&#215;600.jpg&#8220; _builder_version=&#8220;4.27.4&#8243; _module_preset=&#8220;203c76fc-aee0-4484-9be1-f0e2ebd81a8f&#8220; min_height=&#8220;375px&#8220; locked=&#8220;off&#8220; global_colors_info=&#8220;{%22gcid-heading-color%22:%91%22header_text_color%22,%22header_text_color%22,%22header_text_color%22,%22header_text_color%22,%22header_text_color%22%93,%22gcid-body-color%22:%91%22body_text_color%22,%22body_text_color%22,%22body_text_color%22,%22body_text_color%22,%22body_text_color%22%93,%22gcid-primary-color%22:%91%22icon_color%22%93}&#8220;]<\/p>\n<p>Erh\u00f6hen Sie Ihre Verkaufschancen durch effektive Lead-Generierung und qualifizierte Kontakte.<\/p>\n<p>[\/et_pb_blurb][\/et_pb_column][et_pb_column type=&#8220;1_3&#8243; _builder_version=&#8220;4.24.3&#8243; _module_preset=&#8220;50607da8-57bc-4d4b-aaef-f02e41c2cc4a&#8220; global_colors_info=&#8220;{%22gcid-7cadd8b3-5228-48e4-90c4-212d09232f7b%22:%91%22color%22%93}&#8220;][et_pb_blurb title=&#8220;Bestandskundenpflege&#8220; image=&#8220;http:\/\/dextradatasales.at\/wp-content\/uploads\/2025\/01\/0-1ea65b41-5db0-439c-b665-54d481300e9b-800&#215;600.jpg&#8220; _builder_version=&#8220;4.27.4&#8243; _module_preset=&#8220;203c76fc-aee0-4484-9be1-f0e2ebd81a8f&#8220; min_height=&#8220;375px&#8220; locked=&#8220;off&#8220; global_colors_info=&#8220;{%22gcid-heading-color%22:%91%22header_text_color%22,%22header_text_color%22,%22header_text_color%22,%22header_text_color%22,%22header_text_color%22%93,%22gcid-body-color%22:%91%22body_text_color%22,%22body_text_color%22,%22body_text_color%22,%22body_text_color%22,%22body_text_color%22%93,%22gcid-primary-color%22:%91%22icon_color%22%93}&#8220;]<\/p>\n<p>Pflegen und entwickeln Sie Ihre bestehenden Kundenbeziehungen f\u00fcr nachhaltigen Erfolg.<\/p>\n<p>[\/et_pb_blurb][\/et_pb_column][\/et_pb_row][et_pb_row column_structure=&#8220;1_3,1_3,1_3&#8243; make_equal=&#8220;on&#8220; _builder_version=&#8220;4.27.4&#8243; _module_preset=&#8220;5138c454-be54-4233-bd3b-f8e6a8747976&#8243; background_color=&#8220;#FFFFFF&#8220; custom_margin=&#8220;8%||||false|false&#8220; custom_padding=&#8220;0px||0px||true|false&#8220; border_radii=&#8220;off||6px||&#8220; border_radii_tablet=&#8220;off||6px||&#8220; border_radii_phone=&#8220;off||6px||&#8220; border_radii_last_edited=&#8220;on|desktop&#8220; box_shadow_style=&#8220;preset4&#8243; box_shadow_horizontal=&#8220;-31vw&#8220; box_shadow_vertical=&#8220;0px&#8220; box_shadow_color=&#8220;#FFFFFF&#8220; global_colors_info=&#8220;{}&#8220;][et_pb_column type=&#8220;1_3&#8243; _builder_version=&#8220;4.16&#8243; _module_preset=&#8220;73121f80-a3ef-4484-8763-c3f18e3c56d2&#8243; custom_padding=&#8220;30px||||false|false&#8220; custom_padding_tablet=&#8220;40px|20px|40px||true|false&#8220; custom_padding_phone=&#8220;30px||30px||true|true&#8220; custom_padding_last_edited=&#8220;off|desktop&#8220; global_colors_info=&#8220;{}&#8220;][et_pb_blurb title=&#8220;Effizienzsteigerung&#8220; use_icon=&#8220;on&#8220; font_icon=&#8220;&#xf7cc;||fa||900&#8243; _builder_version=&#8220;4.24.3&#8243; _module_preset=&#8220;1ea53d41-9439-472c-8d8b-7bddb3bf9444&#8243; global_colors_info=&#8220;{}&#8220;]<\/p>\n<p>Nutzen Sie unsere Expertise, um Engp\u00e4sse zu beseitigen und Ihre Vertriebskapazit\u00e4ten zu maximieren.<\/p>\n<p>[\/et_pb_blurb][\/et_pb_column][et_pb_column type=&#8220;1_3&#8243; _builder_version=&#8220;4.16&#8243; _module_preset=&#8220;73121f80-a3ef-4484-8763-c3f18e3c56d2&#8243; custom_padding=&#8220;30px||||false|false&#8220; global_colors_info=&#8220;{}&#8220;][et_pb_blurb title=&#8220;Markteintritt&#8220; use_icon=&#8220;on&#8220; font_icon=&#8220;&#xf197;||fa||900&#8243; _builder_version=&#8220;4.24.3&#8243; _module_preset=&#8220;1ea53d41-9439-472c-8d8b-7bddb3bf9444&#8243; locked=&#8220;off&#8220; global_colors_info=&#8220;{}&#8220;]<\/p>\n<p>Platzieren Sie neue L\u00f6sungen schneller am Markt und erweitern Sie Ihre Reichweite.<\/p>\n<p>[\/et_pb_blurb][\/et_pb_column][et_pb_column type=&#8220;1_3&#8243; _builder_version=&#8220;4.16&#8243; _module_preset=&#8220;73121f80-a3ef-4484-8763-c3f18e3c56d2&#8243; custom_padding=&#8220;30px||||false|false&#8220; global_colors_info=&#8220;{}&#8220;][et_pb_blurb title=&#8220;Kundenbindung&#8220; use_icon=&#8220;on&#8220; font_icon=&#8220;&#xe012;||divi||400&#8243; _builder_version=&#8220;4.24.3&#8243; _module_preset=&#8220;1ea53d41-9439-472c-8d8b-7bddb3bf9444&#8243; locked=&#8220;off&#8220; global_colors_info=&#8220;{}&#8220;]<\/p>\n<p>St\u00e4rken Sie die Beziehung zu Ihren Kunden nachhaltig und sichern Sie langfristigen Erfolg.<\/p>\n<p>[\/et_pb_blurb][\/et_pb_column][\/et_pb_row][\/et_pb_section][et_pb_section fb_built=&#8220;1&#8243; admin_label=&#8220;Call to Action&#8220; _builder_version=&#8220;4.23.1&#8243; _module_preset=&#8220;default&#8220; locked=&#8220;off&#8220; collapsed=&#8220;on&#8220; global_colors_info=&#8220;{}&#8220;][et_pb_row _builder_version=&#8220;4.24.3&#8243; _module_preset=&#8220;5138c454-be54-4233-bd3b-f8e6a8747976&#8243; global_colors_info=&#8220;{}&#8220;][et_pb_column type=&#8220;4_4&#8243; _builder_version=&#8220;4.24.3&#8243; _module_preset=&#8220;73121f80-a3ef-4484-8763-c3f18e3c56d2&#8243; global_colors_info=&#8220;{}&#8220;][et_pb_cta title=&#8220;Jetzt Beratung Anfordern&#8220; button_url=&#8220;https:\/\/dextradatasales.at\/index.php\/contact\/&#8220; button_text=&#8220;Kontaktieren Sie Uns&#8220; _builder_version=&#8220;4.27.4&#8243; _module_preset=&#8220;0cae81ab-7223-4b50-8e71-bfb309c58c86&#8243; background_enable_color=&#8220;off&#8220; use_background_color_gradient=&#8220;on&#8220; background_color_gradient_stops=&#8220;rgba(0,0,0,0.75) 0%|rgba(0,0,0,0.75) 100%&#8220; background_color_gradient_overlays_image=&#8220;on&#8220; background_image=&#8220;http:\/\/dextradatasales.at\/wp-content\/uploads\/2025\/01\/0-9ab87f43-0818-42da-b4ed-f1616da3feaa-1080&#215;600.jpg&#8220; custom_padding=&#8220;5vw|60px|5vw|60px|true|true&#8220; custom_padding_tablet=&#8220;|30px||30px|true|true&#8220; custom_padding_phone=&#8220;|20px||20px|true|true&#8220; custom_padding_last_edited=&#8220;on|desktop&#8220; locked=&#8220;off&#8220; global_colors_info=&#8220;{}&#8220; text_font_size_tablet=&#8220;16px&#8220; text_font_size_phone=&#8220;14px&#8220; text_font_size_last_edited=&#8220;on|phone&#8220;]<\/p>\n<p>Nutzen Sie die Gelegenheit, Ihr Vertriebspotenzial voll auszusch\u00f6pfen. Kontaktieren Sie Dextra Data Sales Solutions GmbH f\u00fcr eine unverbindliche Beratung und erfahren Sie, wie unsere ma\u00dfgeschneiderten L\u00f6sungen Ihr Gesch\u00e4ft voranbringen k\u00f6nnen. Lassen Sie uns gemeinsam Ihre Vertriebsziele erreichen!<\/p>\n<p>[\/et_pb_cta][\/et_pb_column][\/et_pb_row][\/et_pb_section][et_pb_section fb_built=&#8220;1&#8243; inner_shadow=&#8220;on&#8220; admin_label=&#8220;Services&#8220; _builder_version=&#8220;4.27.4&#8243; _module_preset=&#8220;default&#8220; locked=&#8220;off&#8220; collapsed=&#8220;on&#8220; global_colors_info=&#8220;{}&#8220;][et_pb_row custom_padding_last_edited=&#8220;on|tablet&#8220; _builder_version=&#8220;4.27.4&#8243; _module_preset=&#8220;5138c454-be54-4233-bd3b-f8e6a8747976&#8243; custom_padding_tablet=&#8220;||0px||false|false&#8220; custom_padding_phone=&#8220;||0px||false|false&#8220; hover_enabled=&#8220;0&#8243; locked=&#8220;off&#8220; global_colors_info=&#8220;{}&#8220; sticky_enabled=&#8220;0&#8243;][et_pb_column type=&#8220;4_4&#8243; _builder_version=&#8220;4.18.0&#8243; _module_preset=&#8220;73121f80-a3ef-4484-8763-c3f18e3c56d2&#8243; global_colors_info=&#8220;{}&#8220;][et_pb_blurb title=&#8220;Dextra Data Solutions GmbH.&#8220; icon_alignment=&#8220;center&#8220; _builder_version=&#8220;4.27.4&#8243; _module_preset=&#8220;212b201d-2c34-41bd-936c-851b7357d08b&#8220; header_font=&#8220;IBM Plex Sans Condensed|IBM Plex Sans Condensed_weight|||||||&#8220; header_text_color=&#8220;#111111&#8243; body_font=&#8220;IBM Plex Sans|IBM Plex Sans_weight|||||||&#8220; body_text_color=&#8220;rgba(0,0,0,0.64)&#8220; background_mask_style=&#8220;chevrons&#8220; text_orientation=&#8220;center&#8220; hover_enabled=&#8220;0&#8243; locked=&#8220;off&#8220; global_colors_info=&#8220;{%22#3c3a47%22:%91%22body_text_color%22,%22body_text_color%22%93,%22#0e0c19%22:%91%22header_text_color%22,%22header_text_color%22%93,%22#457b9d%22:%91%22icon_color%22%93}&#8220; sticky_enabled=&#8220;0&#8243;]<\/p>\n<p><strong>Sterngasse 3\/2\/6<br \/>A-1010 Wien<\/strong><\/p>\n<p>Gesch\u00e4ftsf\u00fchrer: Ing. G\u00fcnter Handl<br \/>Mitglied der Wirtschaftskammer \u00d6sterreich<br \/>Fachverband Dienstleistungen in der automatischen Datenverarbeitung und Informationstechnik<\/p>\n<p>Firmenbuchnummer: FN 388293 w<br \/>Firmenbuchgericht: Handelsgericht Wien<br \/>UID-Nummer: ATU67601106<br \/>DVR-Nr.: 4018507<\/p>\n<p>Weitere Informationen erhalten Sie, wenn Sie den Link zu unserem WKO-Profil verfolgen:<br \/><img loading=\"lazy\" decoding=\"async\" src=\"http:\/\/dextradatasales.at\/wp-content\/uploads\/2025\/01\/wko_ecg_logo-300x45.jpg\" width=\"300\" height=\"45\" alt=\"\" class=\"wp-image-230 alignnone size-medium\" \/><\/p>\n<p>[\/et_pb_blurb][\/et_pb_column][\/et_pb_row][et_pb_row _builder_version=&#8220;4.27.4&#8243; _module_preset=&#8220;default&#8220; global_colors_info=&#8220;{}&#8220;][et_pb_column type=&#8220;4_4&#8243; _builder_version=&#8220;4.27.4&#8243; _module_preset=&#8220;default&#8220; global_colors_info=&#8220;{}&#8220;][et_pb_button button_url=&#8220;https:\/\/dextradatasales.at\/index.php\/privacy-policy&#8220; button_text=&#8220;Datenschutzerkl\u00e4rung&#8220; button_alignment=&#8220;center&#8220; _builder_version=&#8220;4.27.4&#8243; _module_preset=&#8220;default&#8220; global_colors_info=&#8220;{}&#8220;][\/et_pb_button][\/et_pb_column][\/et_pb_row][\/et_pb_section]<\/p>\n","protected":false},"excerpt":{"rendered":"<p>Entdecken Sie, wie unsere ma\u00dfgeschneiderten Vertriebsoutsourcing-L\u00f6sungen Ihre Effizienz steigern und Ihre Verkaufsf\u00e4higkeiten auf ein neues Niveau heben k\u00f6nnen.Dextra Data Sales Solutions ist Ihr Partner f\u00fcr effektives Vertriebsoutsourcing. Mit unserer umfassenden Erfahrung im technischen Vertrieb im B2B-Bereich bieten wir ma\u00dfgeschneiderte L\u00f6sungen, um Ihre Vertriebsaktivit\u00e4ten zu optimieren. Unser Fokus liegt darauf, Ihre Kapazit\u00e4ten zu erweitern, neue Kunden [&hellip;]<\/p>\n","protected":false},"author":2,"featured_media":0,"parent":0,"menu_order":0,"comment_status":"closed","ping_status":"closed","template":"","meta":{"_et_pb_use_builder":"on","_et_pb_old_content":"","_et_gb_content_width":"","footnotes":""},"class_list":["post-48","page","type-page","status-publish","hentry"],"_links":{"self":[{"href":"https:\/\/dextradatasales.at\/index.php\/wp-json\/wp\/v2\/pages\/48","targetHints":{"allow":["GET"]}}],"collection":[{"href":"https:\/\/dextradatasales.at\/index.php\/wp-json\/wp\/v2\/pages"}],"about":[{"href":"https:\/\/dextradatasales.at\/index.php\/wp-json\/wp\/v2\/types\/page"}],"author":[{"embeddable":true,"href":"https:\/\/dextradatasales.at\/index.php\/wp-json\/wp\/v2\/users\/2"}],"replies":[{"embeddable":true,"href":"https:\/\/dextradatasales.at\/index.php\/wp-json\/wp\/v2\/comments?post=48"}],"version-history":[{"count":19,"href":"https:\/\/dextradatasales.at\/index.php\/wp-json\/wp\/v2\/pages\/48\/revisions"}],"predecessor-version":[{"id":239,"href":"https:\/\/dextradatasales.at\/index.php\/wp-json\/wp\/v2\/pages\/48\/revisions\/239"}],"wp:attachment":[{"href":"https:\/\/dextradatasales.at\/index.php\/wp-json\/wp\/v2\/media?parent=48"}],"curies":[{"name":"wp","href":"https:\/\/api.w.org\/{rel}","templated":true}]}}